{"id":3440,"date":"2024-01-24T02:15:57","date_gmt":"2024-01-24T02:15:57","guid":{"rendered":"https:\/\/globalreadyacademy.net\/?post_type=product&#038;p=3440"},"modified":"2024-03-12T06:48:56","modified_gmt":"2024-03-12T06:48:56","slug":"mener-une-evaluation-et-definir-une-strategie-damelioration","status":"publish","type":"product","link":"https:\/\/test.globalready.academy\/?product=mener-une-evaluation-et-definir-une-strategie-damelioration&lang=fr","title":{"rendered":"Mener une \u00e9valuation et d\u00e9finir une strat\u00e9gie d\u2019am\u00e9lioration"},"content":{"rendered":"<div class=\"elementor-column elementor-col-50 elementor-inner-column elementor-element elementor-element-f06139c\" data-id=\"f06139c\" data-element_type=\"column\">\n<div class=\"elementor-widget-wrap elementor-element-populated\">\n<div class=\"elementor-element elementor-element-4d09985 elementor-widget elementor-widget-text-editor\" data-id=\"4d09985\" data-element_type=\"widget\" data-widget_type=\"text-editor.default\">\n<div class=\"elementor-widget-container\"><strong>Participants recommand\u00e9s<\/strong>\u00a0: Excellence Op\u00e9rationnelle, Fiabilit\u00e9, Am\u00e9lioration Continue<\/div>\n<\/div>\n<\/div>\n<\/div>\n<div class=\"elementor-column elementor-col-50 elementor-inner-column elementor-element elementor-element-7860938\" data-id=\"7860938\" data-element_type=\"column\">\n<div class=\"elementor-widget-wrap elementor-element-populated\">\n<div class=\"elementor-element elementor-element-6ba6a04 elementor-widget elementor-widget-text-editor\" data-id=\"6ba6a04\" data-element_type=\"widget\" data-widget_type=\"text-editor.default\">\n<div class=\"elementor-widget-container\">\n<p><strong>Pr\u00e9-requis<\/strong>\u00a0:\u00a0Exp\u00e9rience en gestion d\u2019actifs<\/p>\n<p><strong>Nombre de participants<\/strong>\u00a0: Jusqu\u2019\u00e0 6<\/p>\n<p><strong>Dur\u00e9e 3 Jours<\/strong><\/p>\n<\/div>\n<\/div>\n<\/div>\n<\/div>\n","protected":false},"excerpt":{"rendered":"<p><strong>Participants recommand\u00e9s<\/strong>\u00a0: Excellence Op\u00e9rationnelle, Fiabilit\u00e9, Am\u00e9lioration Continue<\/p>\n<p><strong>Pr\u00e9-requis<\/strong>\u00a0:\u00a0Exp\u00e9rience en gestion d\u2019actifs<\/p>\n<p><strong>Nombre de participants<\/strong>\u00a0: Jusqu\u2019\u00e0 6<\/p>\n<p><strong>Dur\u00e9e 3 Jours<\/strong><\/p>\n","protected":false},"featured_media":4195,"template":"","meta":{"_eb_attr":""},"product_cat":[177,189],"product_tag":[],"class_list":{"0":"post-3440","1":"product","2":"type-product","3":"status-publish","4":"has-post-thumbnail","6":"product_cat-formations","7":"product_cat-plan-de-gestion-strategique-des-actifs","9":"first","10":"instock","11":"sold-individually","12":"shipping-taxable","13":"purchasable","14":"product-type-simple"},"lang":"fr","translations":{"fr":3440,"en":1718,"es":3467},"pll_sync_post":[],"_links":{"self":[{"href":"https:\/\/test.globalready.academy\/index.php?rest_route=\/wp\/v2\/product\/3440","targetHints":{"allow":["GET"]}}],"collection":[{"href":"https:\/\/test.globalready.academy\/index.php?rest_route=\/wp\/v2\/product"}],"about":[{"href":"https:\/\/test.globalready.academy\/index.php?rest_route=\/wp\/v2\/types\/product"}],"version-history":[{"count":0,"href":"https:\/\/test.globalready.academy\/index.php?rest_route=\/wp\/v2\/product\/3440\/revisions"}],"wp:featuredmedia":[{"embeddable":true,"href":"https:\/\/test.globalready.academy\/index.php?rest_route=\/wp\/v2\/media\/4195"}],"wp:attachment":[{"href":"https:\/\/test.globalready.academy\/index.php?rest_route=%2Fwp%2Fv2%2Fmedia&parent=3440"}],"wp:term":[{"taxonomy":"product_cat","embeddable":true,"href":"https:\/\/test.globalready.academy\/index.php?rest_route=%2Fwp%2Fv2%2Fproduct_cat&post=3440"},{"taxonomy":"product_tag","embeddable":true,"href":"https:\/\/test.globalready.academy\/index.php?rest_route=%2Fwp%2Fv2%2Fproduct_tag&post=3440"}],"curies":[{"name":"wp","href":"https:\/\/api.w.org\/{rel}","templated":true}]}}