{"id":3426,"date":"2024-01-23T03:36:54","date_gmt":"2024-01-23T03:36:54","guid":{"rendered":"https:\/\/globalreadyacademy.net\/?post_type=product&#038;p=3426"},"modified":"2024-03-12T06:56:20","modified_gmt":"2024-03-12T06:56:20","slug":"programme-de-developpement-des-competences-des-facilitateurs-rcm","status":"publish","type":"product","link":"https:\/\/test.globalready.academy\/?product=programme-de-developpement-des-competences-des-facilitateurs-rcm&lang=fr","title":{"rendered":"Programme de d\u00e9veloppement des comp\u00e9tences des facilitateurs RCM"},"content":{"rendered":"<div class=\"elementor-column elementor-col-50 elementor-inner-column elementor-element elementor-element-6112ca0\" data-id=\"6112ca0\" data-element_type=\"column\">\n<div class=\"elementor-widget-wrap elementor-element-populated\">\n<div class=\"elementor-element elementor-element-bf9d221 elementor-widget elementor-widget-text-editor\" data-id=\"bf9d221\" data-element_type=\"widget\" data-widget_type=\"text-editor.default\">\n<div class=\"elementor-widget-container\"><\/div>\n<\/div>\n<\/div>\n<\/div>\n<div class=\"elementor-column elementor-col-50 elementor-inner-column elementor-element elementor-element-261aa74\" data-id=\"261aa74\" data-element_type=\"column\">\n<div class=\"elementor-widget-wrap elementor-element-populated\">\n<div class=\"elementor-element elementor-element-d373f94 elementor-widget elementor-widget-text-editor\" data-id=\"d373f94\" data-element_type=\"widget\" data-widget_type=\"text-editor.default\">\n<div class=\"elementor-widget-container\">\n<p><strong>Participants recommand\u00e9s<\/strong>\u00a0: Ing\u00e9nieur Fiabilit\u00e9, Planificateur.<\/p>\n<p><strong>Exigences pr\u00e9alables<\/strong>\u00a0: RCM bas\u00e9 sur des normes et ses d\u00e9riv\u00e9s.<\/p>\n<p><strong>Nombre de participants<\/strong>\u00a0: Max. 6<\/p>\n<p><strong>Dur\u00e9e 5 Jours<\/strong><\/p>\n<\/div>\n<\/div>\n<\/div>\n<\/div>\n","protected":false},"excerpt":{"rendered":"<p><strong>Participants recommand\u00e9s<\/strong>\u00a0: Ing\u00e9nieur Fiabilit\u00e9, Planificateur.<\/p>\n<p><strong>Exigences pr\u00e9alables<\/strong>\u00a0: RCM bas\u00e9 sur des normes et ses d\u00e9riv\u00e9s.<\/p>\n<p><strong>Nombre de participants<\/strong>\u00a0: Max. 6<\/p>\n<p><strong>Dur\u00e9e 5 Jours<\/strong><\/p>\n","protected":false},"featured_media":4195,"template":"","meta":{"_eb_attr":""},"product_cat":[175,177],"product_tag":[],"class_list":{"0":"post-3426","1":"product","2":"type-product","3":"status-publish","4":"has-post-thumbnail","6":"product_cat-etablir-un-programme-de-maintenance-proactive","7":"product_cat-formations","9":"first","10":"instock","11":"sold-individually","12":"shipping-taxable","13":"purchasable","14":"product-type-simple"},"lang":"fr","translations":{"fr":3426,"en":1677,"es":3458},"pll_sync_post":[],"_links":{"self":[{"href":"https:\/\/test.globalready.academy\/index.php?rest_route=\/wp\/v2\/product\/3426","targetHints":{"allow":["GET"]}}],"collection":[{"href":"https:\/\/test.globalready.academy\/index.php?rest_route=\/wp\/v2\/product"}],"about":[{"href":"https:\/\/test.globalready.academy\/index.php?rest_route=\/wp\/v2\/types\/product"}],"version-history":[{"count":1,"href":"https:\/\/test.globalready.academy\/index.php?rest_route=\/wp\/v2\/product\/3426\/revisions"}],"predecessor-version":[{"id":3430,"href":"https:\/\/test.globalready.academy\/index.php?rest_route=\/wp\/v2\/product\/3426\/revisions\/3430"}],"wp:featuredmedia":[{"embeddable":true,"href":"https:\/\/test.globalready.academy\/index.php?rest_route=\/wp\/v2\/media\/4195"}],"wp:attachment":[{"href":"https:\/\/test.globalready.academy\/index.php?rest_route=%2Fwp%2Fv2%2Fmedia&parent=3426"}],"wp:term":[{"taxonomy":"product_cat","embeddable":true,"href":"https:\/\/test.globalready.academy\/index.php?rest_route=%2Fwp%2Fv2%2Fproduct_cat&post=3426"},{"taxonomy":"product_tag","embeddable":true,"href":"https:\/\/test.globalready.academy\/index.php?rest_route=%2Fwp%2Fv2%2Fproduct_tag&post=3426"}],"curies":[{"name":"wp","href":"https:\/\/api.w.org\/{rel}","templated":true}]}}