{"id":3422,"date":"2024-01-23T03:16:55","date_gmt":"2024-01-23T03:16:55","guid":{"rendered":"https:\/\/globalreadyacademy.net\/?post_type=product&#038;p=3422"},"modified":"2024-03-12T06:54:18","modified_gmt":"2024-03-12T06:54:18","slug":"programme-de-developpement-des-competences-des-animateurs-rcfa","status":"publish","type":"product","link":"https:\/\/test.globalready.academy\/?product=programme-de-developpement-des-competences-des-animateurs-rcfa&lang=fr","title":{"rendered":"Programme de d\u00e9veloppement des comp\u00e9tences des animateurs RCFA"},"content":{"rendered":"<div class=\"elementor-column elementor-col-50 elementor-inner-column elementor-element elementor-element-1f2cb06\" data-id=\"1f2cb06\" data-element_type=\"column\">\n<div class=\"elementor-widget-wrap elementor-element-populated\">\n<div class=\"elementor-element elementor-element-7eabf6d elementor-widget elementor-widget-text-editor\" data-id=\"7eabf6d\" data-element_type=\"widget\" data-widget_type=\"text-editor.default\">\n<div class=\"elementor-widget-container\"><\/div>\n<\/div>\n<\/div>\n<\/div>\n<div class=\"elementor-column elementor-col-50 elementor-inner-column elementor-element elementor-element-b8740bd\" data-id=\"b8740bd\" data-element_type=\"column\">\n<div class=\"elementor-widget-wrap elementor-element-populated\">\n<div class=\"elementor-element elementor-element-854c85e elementor-widget elementor-widget-text-editor\" data-id=\"854c85e\" data-element_type=\"widget\" data-widget_type=\"text-editor.default\">\n<div class=\"elementor-widget-container\">\n<p><strong>Participants recommand\u00e9s<\/strong>\u00a0: Ing\u00e9nieurs PME \/ Fiabilit\u00e9, Superviseurs de maintenance, Superviseurs de production, Experts en environnement, sant\u00e9 et s\u00e9curit\u00e9, Experts qualit\u00e9, PME, Am\u00e9lioration continue.<\/p>\n<p><strong>Pr\u00e9-requis<\/strong>\u00a0:\u00a0Connaissance technique.<\/p>\n<p><strong>Nombre de participants<\/strong>\u00a0: Max. 6<\/p>\n<p><strong>Dur\u00e9e 3 Jours<\/strong><\/p>\n<\/div>\n<\/div>\n<\/div>\n<\/div>\n","protected":false},"excerpt":{"rendered":"<p><strong>Participants recommand\u00e9s<\/strong>\u00a0: Ing\u00e9nieurs PME \/ Fiabilit\u00e9, Superviseurs de maintenance, Superviseurs de production, Experts en environnement, sant\u00e9 et s\u00e9curit\u00e9, Experts qualit\u00e9, PME, Am\u00e9lioration continue.<\/p>\n<p><strong>Pr\u00e9-requis<\/strong>\u00a0:\u00a0Connaissance technique.<\/p>\n<p><strong>Nombre de participants<\/strong>\u00a0: Max. 6<\/p>\n<p><strong>Dur\u00e9e 3 Jours<\/strong><\/p>\n","protected":false},"featured_media":4195,"template":"","meta":{"_eb_attr":""},"product_cat":[179,177],"product_tag":[],"class_list":{"0":"post-3422","1":"product","2":"type-product","3":"status-publish","4":"has-post-thumbnail","6":"product_cat-analyse-des-defaillances-et-resolution-des-problemes","7":"product_cat-formations","9":"first","10":"instock","11":"sold-individually","12":"shipping-taxable","13":"purchasable","14":"product-type-simple"},"lang":"fr","translations":{"fr":3422,"en":1661,"es":3453},"pll_sync_post":[],"_links":{"self":[{"href":"https:\/\/test.globalready.academy\/index.php?rest_route=\/wp\/v2\/product\/3422","targetHints":{"allow":["GET"]}}],"collection":[{"href":"https:\/\/test.globalready.academy\/index.php?rest_route=\/wp\/v2\/product"}],"about":[{"href":"https:\/\/test.globalready.academy\/index.php?rest_route=\/wp\/v2\/types\/product"}],"version-history":[{"count":1,"href":"https:\/\/test.globalready.academy\/index.php?rest_route=\/wp\/v2\/product\/3422\/revisions"}],"predecessor-version":[{"id":3431,"href":"https:\/\/test.globalready.academy\/index.php?rest_route=\/wp\/v2\/product\/3422\/revisions\/3431"}],"wp:featuredmedia":[{"embeddable":true,"href":"https:\/\/test.globalready.academy\/index.php?rest_route=\/wp\/v2\/media\/4195"}],"wp:attachment":[{"href":"https:\/\/test.globalready.academy\/index.php?rest_route=%2Fwp%2Fv2%2Fmedia&parent=3422"}],"wp:term":[{"taxonomy":"product_cat","embeddable":true,"href":"https:\/\/test.globalready.academy\/index.php?rest_route=%2Fwp%2Fv2%2Fproduct_cat&post=3422"},{"taxonomy":"product_tag","embeddable":true,"href":"https:\/\/test.globalready.academy\/index.php?rest_route=%2Fwp%2Fv2%2Fproduct_tag&post=3422"}],"curies":[{"name":"wp","href":"https:\/\/api.w.org\/{rel}","templated":true}]}}