{"id":897,"date":"2023-10-10T22:24:16","date_gmt":"2023-10-10T22:24:16","guid":{"rendered":"https:\/\/globalreadyacademy.net\/?page_id=897"},"modified":"2024-11-19T22:31:42","modified_gmt":"2024-11-19T22:31:42","slug":"recursos","status":"publish","type":"page","link":"https:\/\/test.globalready.academy\/?page_id=897&lang=es","title":{"rendered":"Recursos"},"content":{"rendered":"<style>\/*! elementor - v3.15.0 - 20-08-2023 *\/\n.elementor-heading-title{padding:0;margin:0;line-height:1}.elementor-widget-heading .elementor-heading-title[class*=elementor-size-]>a{color:inherit;font-size:inherit;line-height:inherit}.elementor-widget-heading .elementor-heading-title.elementor-size-small{font-size:15px}.elementor-widget-heading .elementor-heading-title.elementor-size-medium{font-size:19px}.elementor-widget-heading .elementor-heading-title.elementor-size-large{font-size:29px}.elementor-widget-heading .elementor-heading-title.elementor-size-xl{font-size:39px}.elementor-widget-heading .elementor-heading-title.elementor-size-xxl{font-size:59px}<\/style>\n<h2>Recursos<\/h2>\n<h2>Libros recomendados<\/h2>\n<style>\/*! elementor - v3.15.0 - 20-08-2023 *\/\n.elementor-widget-image{text-align:center}.elementor-widget-image a{display:inline-block}.elementor-widget-image a img[src$=\".svg\"]{width:48px}.elementor-widget-image img{vertical-align:middle;display:inline-block}<\/style>\n<p>\t\t\t\t\t\t\t\t\t\t\t\t<img loading=\"lazy\" decoding=\"async\" width=\"679\" height=\"1024\" src=\"https:\/\/globalreadyacademy.net\/wp-content\/uploads\/2023\/10\/gestion-de-control-de-trabajo-basada-en-equipos-679x1024.webp\" alt=\"\" loading=\"lazy\" srcset=\"https:\/\/globalreadyacademy.net\/wp-content\/uploads\/2023\/10\/gestion-de-control-de-trabajo-basada-en-equipos-679x1024.webp 679w, https:\/\/globalreadyacademy.net\/wp-content\/uploads\/2023\/10\/gestion-de-control-de-trabajo-basada-en-equipos-199x300.webp 199w, https:\/\/globalreadyacademy.net\/wp-content\/uploads\/2023\/10\/gestion-de-control-de-trabajo-basada-en-equipos-768x1157.webp 768w, https:\/\/globalreadyacademy.net\/wp-content\/uploads\/2023\/10\/gestion-de-control-de-trabajo-basada-en-equipos-600x904.webp 600w, https:\/\/globalreadyacademy.net\/wp-content\/uploads\/2023\/10\/gestion-de-control-de-trabajo-basada-en-equipos.webp 980w\" sizes=\"auto, (max-width: 679px) 100vw, 679px\" \/>\t\t\t\t\t\t\t\t\t\t\t\t\t\t\t<\/p>\n<h3>Beyond Planning and Scheduling<\/h3>\n<h3>J.R. PAUL LANTHIER<\/h3>\n<p>La escasez de recursos y la alta rotaci\u00f3n de personal subrayan la importancia de un enfoque estructurado y basado en equipos para administrar nuestros activos f\u00edsicos.<\/p>\n<p>\t\t\t<a href=\"https:\/\/www.amazon.com\/Paul-Lanthier\/dp\/1735696471\/ref=mp_s_a_1_1?crid=1RAWRTPDZXENQ&#038;keywords=paul+lanthier&#038;qid=1699915502&#038;sprefix=paul+lanthier%2Caps%2C193&#038;sr=8-1\" target=\"_blank\" rel=\"noopener\"><br \/>\n\t\t\t\t\t\tComprar<br \/>\n\t\t\t\t\t<\/a><br \/>\n\t\t\t\t\t\t\t\t\t\t\t\t\t\t\t<img loading=\"lazy\" decoding=\"async\" width=\"692\" height=\"1024\" src=\"https:\/\/globalreadyacademy.net\/wp-content\/uploads\/2023\/10\/Troubleshooting-and-Root-Cause-Failure-Analysis-min-692x1024.jpg\" alt=\"\" loading=\"lazy\" srcset=\"https:\/\/globalreadyacademy.net\/wp-content\/uploads\/2023\/10\/Troubleshooting-and-Root-Cause-Failure-Analysis-min-692x1024.jpg 692w, https:\/\/globalreadyacademy.net\/wp-content\/uploads\/2023\/10\/Troubleshooting-and-Root-Cause-Failure-Analysis-min-203x300.jpg 203w, https:\/\/globalreadyacademy.net\/wp-content\/uploads\/2023\/10\/Troubleshooting-and-Root-Cause-Failure-Analysis-min-768x1136.jpg 768w, https:\/\/globalreadyacademy.net\/wp-content\/uploads\/2023\/10\/Troubleshooting-and-Root-Cause-Failure-Analysis-min-600x888.jpg 600w, https:\/\/globalreadyacademy.net\/wp-content\/uploads\/2023\/10\/Troubleshooting-and-Root-Cause-Failure-Analysis-min.jpg 865w\" sizes=\"auto, (max-width: 692px) 100vw, 692px\" \/>\t\t\t\t\t\t\t\t\t\t\t\t\t\t\t<\/p>\n<h3>Troubleshooting and Root Cause Failure Analysis<\/h3>\n<h3>J.R. PAUL LANTHIER<\/h3>\n<p>Cuando se aplican correctamente, las t\u00e9cnicas de an\u00e1lisis de fallas y resoluci\u00f3n de problemas brindan valor a la organizaci\u00f3n al mantener\/aumentar el rendimiento de los activos\/planta.<\/p>\n<p>\t\t\t<a href=\"https:\/\/www.amazon.com\/JR-Paul-Lanthier\/dp\/0831136650\/ref=mp_s_a_1_3?crid=1RAWRTPDZXENQ&#038;keywords=paul+lanthier&#038;qid=1699915502&#038;sprefix=paul+lanthier%2Caps%2C193&#038;sr=8-3\" target=\"_blank\" rel=\"noopener\"><br \/>\n\t\t\t\t\t\tComprar<br \/>\n\t\t\t\t\t<\/a><br \/>\n\t\t\t\t\t\t\t\t\t\t\t\t\t\t\t<img loading=\"lazy\" decoding=\"async\" width=\"333\" height=\"500\" src=\"https:\/\/globalreadyacademy.net\/wp-content\/uploads\/2023\/10\/A-Practical-Guide-to-Organizational-Engineering-img.jpg\" alt=\"\" loading=\"lazy\" srcset=\"https:\/\/globalreadyacademy.net\/wp-content\/uploads\/2023\/10\/A-Practical-Guide-to-Organizational-Engineering-img.jpg 333w, https:\/\/globalreadyacademy.net\/wp-content\/uploads\/2023\/10\/A-Practical-Guide-to-Organizational-Engineering-img-200x300.jpg 200w\" sizes=\"auto, (max-width: 333px) 100vw, 333px\" \/>\t\t\t\t\t\t\t\t\t\t\t\t\t\t\t<\/p>\n<h3>A Practical<br \/>\nGuide to Organizational Engineering<\/h3>\n<h3>J.R. PAUL LANTHIER<\/h3>\n<p>La Ingenier\u00eda Organizacional es la ciencia de pasar de la dependencia de las personas a la de los procesos.<\/p>\n<p>\t\t\t<a href=\"https:\/\/www.amazon.com\/Paul-Lanthier\/dp\/194187262X\/ref=mp_s_a_1_2?crid=1RAWRTPDZXENQ&#038;keywords=paul+lanthier&#038;qid=1699915502&#038;sprefix=paul+lanthier%2Caps%2C193&#038;sr=8-2\" target=\"_blank\" rel=\"noopener\"><br \/>\n\t\t\t\t\t\tComprar<br \/>\n\t\t\t\t\t<\/a><br \/>\n\t\t\t\t\t\t\t\t\t\t\t\t\t\t\t<img loading=\"lazy\" decoding=\"async\" width=\"515\" height=\"668\" src=\"https:\/\/globalreadyacademy.net\/wp-content\/uploads\/2023\/10\/GESTION-DE-ACTIVOS-IMG.jpeg\" alt=\"\" loading=\"lazy\" srcset=\"https:\/\/globalreadyacademy.net\/wp-content\/uploads\/2023\/10\/GESTION-DE-ACTIVOS-IMG.jpeg 515w, https:\/\/globalreadyacademy.net\/wp-content\/uploads\/2023\/10\/GESTION-DE-ACTIVOS-IMG-231x300.jpeg 231w\" sizes=\"auto, (max-width: 515px) 100vw, 515px\" \/>\t\t\t\t\t\t\t\t\t\t\t\t\t\t\t<\/p>\n<h3>Guide to Assessing Your Asset Performance Management Practices and Developing an Improvement Plan<\/h3>\n<h3>J.R. PAUL LANTHIER<\/h3>\n<p>Este libro de trabajo de autoayuda lo gu\u00eda para evaluar el cumplimiento de su sitio con pr\u00e1cticas de gesti\u00f3n de activos de clase mundial y en la formulaci\u00f3n de un plan de acci\u00f3n pr\u00e1ctico y alcanzable.<\/p>\n<p>\t\t\t<a href=\"https:\/\/globalreadyacademy.net\/?page_id=978\"><br \/>\n\t\t\t\t\t\tContactar para comprar<br \/>\n\t\t\t\t\t<\/a><br \/>\n\t\t\t\t\t\t\t\t\t\t\t\t\t\t\t<img loading=\"lazy\" decoding=\"async\" width=\"402\" height=\"524\" src=\"https:\/\/globalreadyacademy.net\/wp-content\/uploads\/2024\/04\/1.png\" alt=\"\" loading=\"lazy\" srcset=\"https:\/\/globalreadyacademy.net\/wp-content\/uploads\/2024\/04\/1.png 402w, https:\/\/globalreadyacademy.net\/wp-content\/uploads\/2024\/04\/1-230x300.png 230w, https:\/\/globalreadyacademy.net\/wp-content\/uploads\/2024\/04\/1-48x63.png 48w\" sizes=\"auto, (max-width: 402px) 100vw, 402px\" \/>\t\t\t\t\t\t\t\t\t\t\t\t\t\t\t<\/p>\n<h3>SAEJA1011<\/h3>\n<p>Criterios de evaluaci\u00f3n para procesos de mantenimiento centrado en la confiabilidad (RCM)<\/p>\n<p>\t\t\t<a href=\"https:\/\/globalreadyacademy.net\/wp-content\/uploads\/2024\/04\/SAEJA1011.pdf\" target=\"_blank\" rel=\"noopener\"><br \/>\n\t\t\t\t\t\tDescargar gratis<br \/>\n\t\t\t\t\t<\/a><br \/>\n\t\t\t\t\t\t\t\t\t\t\t\t\t\t\t<img loading=\"lazy\" decoding=\"async\" width=\"402\" height=\"524\" src=\"https:\/\/globalreadyacademy.net\/wp-content\/uploads\/2024\/04\/2.png\" alt=\"\" loading=\"lazy\" srcset=\"https:\/\/globalreadyacademy.net\/wp-content\/uploads\/2024\/04\/2.png 402w, https:\/\/globalreadyacademy.net\/wp-content\/uploads\/2024\/04\/2-230x300.png 230w, https:\/\/globalreadyacademy.net\/wp-content\/uploads\/2024\/04\/2-48x63.png 48w\" sizes=\"auto, (max-width: 402px) 100vw, 402px\" \/>\t\t\t\t\t\t\t\t\t\t\t\t\t\t\t<\/p>\n<h3>SAEJA1012<\/h3>\n<p>SAE JA1012 amplifica y aclara cada uno de los criterios clave enumerados en SAE JA1011 y resume cuestiones adicionales que deben abordarse para aplicar RCM con \u00e9xito.<\/p>\n<p>\t\t\t<a href=\"https:\/\/globalreadyacademy.net\/wp-content\/uploads\/2024\/04\/SAEJA1012.pdf\" target=\"_blank\" rel=\"noopener\"><br \/>\n\t\t\t\t\t\tDescargar gratis<br \/>\n\t\t\t\t\t<\/a><\/p>\n","protected":false},"excerpt":{"rendered":"<p>Recursos Libros recomendados Beyond Planning and Scheduling J.R. PAUL LANTHIER La escasez de recursos y la alta rotaci\u00f3n de personal subrayan la importancia de un enfoque estructurado y basado en equipos para administrar nuestros activos f\u00edsicos. Comprar Troubleshooting and Root [&hellip;]<\/p>\n","protected":false},"author":1,"featured_media":0,"parent":0,"menu_order":0,"comment_status":"closed","ping_status":"closed","template":"","meta":{"_eb_attr":"","footnotes":""},"class_list":["post-897","page","type-page","status-publish","hentry"],"lang":"es","translations":{"es":897,"en":971,"fr":1201},"pll_sync_post":[],"_links":{"self":[{"href":"https:\/\/test.globalready.academy\/index.php?rest_route=\/wp\/v2\/pages\/897","targetHints":{"allow":["GET"]}}],"collection":[{"href":"https:\/\/test.globalready.academy\/index.php?rest_route=\/wp\/v2\/pages"}],"about":[{"href":"https:\/\/test.globalready.academy\/index.php?rest_route=\/wp\/v2\/types\/page"}],"author":[{"embeddable":true,"href":"https:\/\/test.globalready.academy\/index.php?rest_route=\/wp\/v2\/users\/1"}],"replies":[{"embeddable":true,"href":"https:\/\/test.globalready.academy\/index.php?rest_route=%2Fwp%2Fv2%2Fcomments&post=897"}],"version-history":[{"count":85,"href":"https:\/\/test.globalready.academy\/index.php?rest_route=\/wp\/v2\/pages\/897\/revisions"}],"predecessor-version":[{"id":5015,"href":"https:\/\/test.globalready.academy\/index.php?rest_route=\/wp\/v2\/pages\/897\/revisions\/5015"}],"wp:attachment":[{"href":"https:\/\/test.globalready.academy\/index.php?rest_route=%2Fwp%2Fv2%2Fmedia&parent=897"}],"curies":[{"name":"wp","href":"https:\/\/api.w.org\/{rel}","templated":true}]}}