{"id":1206,"date":"2023-10-12T02:57:40","date_gmt":"2023-10-12T02:57:40","guid":{"rendered":"https:\/\/globalreadyacademy.net\/?page_id=1206"},"modified":"2024-05-24T06:10:05","modified_gmt":"2024-05-24T06:10:05","slug":"entrainement","status":"publish","type":"page","link":"https:\/\/test.globalready.academy\/?page_id=1206&lang=fr","title":{"rendered":"FORMATIONS"},"content":{"rendered":"\t\t<div data-elementor-type=\"wp-page\" data-elementor-id=\"1206\" class=\"elementor elementor-1206\">\n\t\t\t\t\t\t<section data-particle_enable=\"false\" data-particle-mobile-disabled=\"false\" class=\"elementor-section elementor-top-section elementor-element elementor-element-d7e6cb2 elementor-section-full_width elementor-section-height-min-height elementor-section-stretched elementor-section-height-default elementor-section-items-middle eltdf-parallax-row-no eltdf-content-aligment-left eltdf-elementor-row-grid-no eltdf-disabled-bg-image-bellow-no\" data-id=\"d7e6cb2\" data-element_type=\"section\" data-settings=\"{&quot;stretch_section&quot;:&quot;section-stretched&quot;,&quot;background_background&quot;:&quot;classic&quot;}\">\n\t\t\t\t\t\t<div class=\"elementor-container elementor-column-gap-default\">\n\t\t\t\t\t<div class=\"elementor-column elementor-col-100 elementor-top-column elementor-element elementor-element-0e9689f\" data-id=\"0e9689f\" data-element_type=\"column\">\n\t\t\t<div class=\"elementor-widget-wrap elementor-element-populated\">\n\t\t\t\t\t\t<div class=\"elementor-element elementor-element-39043cd elementor-widget elementor-widget-heading\" data-id=\"39043cd\" data-element_type=\"widget\" data-widget_type=\"heading.default\">\n\t\t\t\t<div class=\"elementor-widget-container\">\n\t\t\t\t\t<h2 class=\"elementor-heading-title elementor-size-default\">Formations<\/h2>\t\t\t\t<\/div>\n\t\t\t\t<\/div>\n\t\t\t\t\t<\/div>\n\t\t<\/div>\n\t\t\t\t\t<\/div>\n\t\t<\/section>\n\t\t\t\t<section data-particle_enable=\"false\" data-particle-mobile-disabled=\"false\" class=\"elementor-section elementor-top-section elementor-element elementor-element-7b2acb2 elementor-section-full_width elementor-section-stretched elementor-section-height-default elementor-section-height-default eltdf-parallax-row-no eltdf-content-aligment-left eltdf-elementor-row-grid-no eltdf-disabled-bg-image-bellow-no\" data-id=\"7b2acb2\" data-element_type=\"section\" data-settings=\"{&quot;stretch_section&quot;:&quot;section-stretched&quot;,&quot;background_background&quot;:&quot;classic&quot;}\">\n\t\t\t\t\t\t<div class=\"elementor-container elementor-column-gap-default\">\n\t\t\t\t\t<div class=\"elementor-column elementor-col-100 elementor-top-column elementor-element elementor-element-4741da4\" data-id=\"4741da4\" data-element_type=\"column\">\n\t\t\t<div class=\"elementor-widget-wrap elementor-element-populated\">\n\t\t\t\t\t\t<section data-particle_enable=\"false\" data-particle-mobile-disabled=\"false\" class=\"elementor-section elementor-inner-section elementor-element elementor-element-9ef3bf4 elementor-section-boxed elementor-section-height-default elementor-section-height-default eltdf-parallax-row-no eltdf-content-aligment-left eltdf-elementor-row-grid-no eltdf-disabled-bg-image-bellow-no\" data-id=\"9ef3bf4\" data-element_type=\"section\">\n\t\t\t\t\t\t<div class=\"elementor-container elementor-column-gap-default\">\n\t\t\t\t\t<div class=\"elementor-column elementor-col-100 elementor-inner-column elementor-element elementor-element-5f050d0\" data-id=\"5f050d0\" data-element_type=\"column\">\n\t\t\t<div class=\"elementor-widget-wrap elementor-element-populated\">\n\t\t\t\t\t\t<div class=\"elementor-element elementor-element-a41a6ec elementor-widget elementor-widget-heading\" data-id=\"a41a6ec\" data-element_type=\"widget\" data-widget_type=\"heading.default\">\n\t\t\t\t<div class=\"elementor-widget-container\">\n\t\t\t\t\t<h2 class=\"elementor-heading-title elementor-size-default\">Flux de connaissances disponibles<\/h2>\t\t\t\t<\/div>\n\t\t\t\t<\/div>\n\t\t\t\t\t<\/div>\n\t\t<\/div>\n\t\t\t\t\t<\/div>\n\t\t<\/section>\n\t\t\t\t<section data-particle_enable=\"false\" data-particle-mobile-disabled=\"false\" class=\"elementor-section elementor-inner-section elementor-element elementor-element-6c5df32 elementor-section-boxed elementor-section-height-default elementor-section-height-default eltdf-parallax-row-no eltdf-content-aligment-left eltdf-elementor-row-grid-no eltdf-disabled-bg-image-bellow-no\" data-id=\"6c5df32\" data-element_type=\"section\">\n\t\t\t\t\t\t<div class=\"elementor-container elementor-column-gap-default\">\n\t\t\t\t\t<div class=\"elementor-column elementor-col-33 elementor-inner-column elementor-element elementor-element-3258a1f elementor-invisible\" data-id=\"3258a1f\" data-element_type=\"column\" data-settings=\"{&quot;background_background&quot;:&quot;classic&quot;,&quot;animation&quot;:&quot;pulse&quot;}\">\n\t\t\t<div class=\"elementor-widget-wrap elementor-element-populated\">\n\t\t\t\t\t\t<div class=\"elementor-element elementor-element-8ae329a elementor-widget elementor-widget-image\" data-id=\"8ae329a\" data-element_type=\"widget\" data-widget_type=\"image.default\">\n\t\t\t\t<div class=\"elementor-widget-container\">\n\t\t\t\t\t\t\t\t\t\t\t\t\t\t\t\t<a href=\"https:\/\/globalreadyacademy.net\/?page_id=1142\">\n\t\t\t\t\t\t\t<img fetchpriority=\"high\" decoding=\"async\" width=\"1054\" height=\"704\" src=\"https:\/\/test.globalready.academy\/wp-content\/uploads\/2024\/03\/Diseno-sin-titulo-5.png\" class=\"elementor-animation-bob attachment-full size-full wp-image-4479\" alt=\"\" srcset=\"https:\/\/test.globalready.academy\/wp-content\/uploads\/2024\/03\/Diseno-sin-titulo-5.png 1054w, https:\/\/test.globalready.academy\/wp-content\/uploads\/2024\/03\/Diseno-sin-titulo-5-300x200.png 300w, https:\/\/test.globalready.academy\/wp-content\/uploads\/2024\/03\/Diseno-sin-titulo-5-1024x684.png 1024w, https:\/\/test.globalready.academy\/wp-content\/uploads\/2024\/03\/Diseno-sin-titulo-5-768x513.png 768w, https:\/\/test.globalready.academy\/wp-content\/uploads\/2024\/03\/Diseno-sin-titulo-5-600x401.png 600w, https:\/\/test.globalready.academy\/wp-content\/uploads\/2024\/03\/Diseno-sin-titulo-5-48x32.png 48w\" sizes=\"(max-width: 1054px) 100vw, 1054px\" \/>\t\t\t\t\t\t\t\t<\/a>\n\t\t\t\t\t\t\t\t\t\t\t\t\t\t\t<\/div>\n\t\t\t\t<\/div>\n\t\t\t\t<div class=\"elementor-element elementor-element-4d0475e elementor-widget elementor-widget-heading\" data-id=\"4d0475e\" data-element_type=\"widget\" data-widget_type=\"heading.default\">\n\t\t\t\t<div class=\"elementor-widget-container\">\n\t\t\t\t\t<h3 class=\"elementor-heading-title elementor-size-default\">Gestion du contr\u00f4le des travaux en \u00e9quipe<\/h3>\t\t\t\t<\/div>\n\t\t\t\t<\/div>\n\t\t\t\t<div class=\"elementor-element elementor-element-df82ec3 elementor-widget elementor-widget-text-editor\" data-id=\"df82ec3\" data-element_type=\"widget\" data-widget_type=\"text-editor.default\">\n\t\t\t\t<div class=\"elementor-widget-container\">\n\t\t\t\t\t\t\t\t\t<p>La gestion du contr\u00f4le des travaux englobe les activit\u00e9s utilis\u00e9es pour identifier, planifier, ordonnancer et ex\u00e9cuter les travaux de maintenance de mani\u00e8re efficace et contr\u00f4l\u00e9e, en toute s\u00e9curit\u00e9, en respectant l&#8217;environnement et en r\u00e9pondant aux besoins de la production, au moindre co\u00fbt.<\/p>\t\t\t\t\t\t\t\t<\/div>\n\t\t\t\t<\/div>\n\t\t\t\t<div class=\"elementor-element elementor-element-cc29d4b elementor-widget elementor-widget-text-editor\" data-id=\"cc29d4b\" data-element_type=\"widget\" data-widget_type=\"text-editor.default\">\n\t\t\t\t<div class=\"elementor-widget-container\">\n\t\t\t\t\t\t\t\t\t<p><span style=\"color: #415fa3;\"><a style=\"color: #415fa3;\" href=\"https:\/\/globalreadyacademy.net\/?page_id=2107&amp;lang=fr\"><span style=\"text-decoration: underline;\">Pour plus d\u2019information<\/span><\/a><\/span><\/p>\t\t\t\t\t\t\t\t<\/div>\n\t\t\t\t<\/div>\n\t\t\t\t\t<\/div>\n\t\t<\/div>\n\t\t\t\t<div class=\"elementor-column elementor-col-33 elementor-inner-column elementor-element elementor-element-4d72c6b elementor-invisible\" data-id=\"4d72c6b\" data-element_type=\"column\" data-settings=\"{&quot;background_background&quot;:&quot;classic&quot;,&quot;animation&quot;:&quot;pulse&quot;,&quot;animation_delay&quot;:200}\">\n\t\t\t<div class=\"elementor-widget-wrap elementor-element-populated\">\n\t\t\t\t\t<div class=\"elementor-background-overlay\"><\/div>\n\t\t\t\t\t\t<div class=\"elementor-element elementor-element-94e6162 elementor-widget elementor-widget-image\" data-id=\"94e6162\" data-element_type=\"widget\" data-widget_type=\"image.default\">\n\t\t\t\t<div class=\"elementor-widget-container\">\n\t\t\t\t\t\t\t\t\t\t\t\t\t\t\t\t<a href=\"https:\/\/globalreadyacademy.net\/?page_id=1118\">\n\t\t\t\t\t\t\t<img decoding=\"async\" width=\"1054\" height=\"704\" src=\"https:\/\/test.globalready.academy\/wp-content\/uploads\/2024\/03\/Diseno-sin-titulo-6.png\" class=\"elementor-animation-bob attachment-full size-full wp-image-4480\" alt=\"\" srcset=\"https:\/\/test.globalready.academy\/wp-content\/uploads\/2024\/03\/Diseno-sin-titulo-6.png 1054w, https:\/\/test.globalready.academy\/wp-content\/uploads\/2024\/03\/Diseno-sin-titulo-6-300x200.png 300w, https:\/\/test.globalready.academy\/wp-content\/uploads\/2024\/03\/Diseno-sin-titulo-6-1024x684.png 1024w, https:\/\/test.globalready.academy\/wp-content\/uploads\/2024\/03\/Diseno-sin-titulo-6-768x513.png 768w, https:\/\/test.globalready.academy\/wp-content\/uploads\/2024\/03\/Diseno-sin-titulo-6-600x401.png 600w, https:\/\/test.globalready.academy\/wp-content\/uploads\/2024\/03\/Diseno-sin-titulo-6-48x32.png 48w\" sizes=\"(max-width: 1054px) 100vw, 1054px\" \/>\t\t\t\t\t\t\t\t<\/a>\n\t\t\t\t\t\t\t\t\t\t\t\t\t\t\t<\/div>\n\t\t\t\t<\/div>\n\t\t\t\t<div class=\"elementor-element elementor-element-13c4939 elementor-widget elementor-widget-heading\" data-id=\"13c4939\" data-element_type=\"widget\" data-widget_type=\"heading.default\">\n\t\t\t\t<div class=\"elementor-widget-container\">\n\t\t\t\t\t<h3 class=\"elementor-heading-title elementor-size-default\">Analyse des d\u00e9faillances et r\u00e9solution des probl\u00e8mes<\/h3>\t\t\t\t<\/div>\n\t\t\t\t<\/div>\n\t\t\t\t<div class=\"elementor-element elementor-element-5e6675b elementor-widget elementor-widget-text-editor\" data-id=\"5e6675b\" data-element_type=\"widget\" data-widget_type=\"text-editor.default\">\n\t\t\t\t<div class=\"elementor-widget-container\">\n\t\t\t\t\t\t\t\t\t<p>Lorsqu&#8217;elles sont correctement appliqu\u00e9es, les techniques d&#8217;analyse des d\u00e9faillances et de r\u00e9solution des probl\u00e8mes apportent de la valeur \u00e0 l&#8217;organisation en maintenant \/ augmentant les performances des actifs \/ de l&#8217;usine.<\/p>\t\t\t\t\t\t\t\t<\/div>\n\t\t\t\t<\/div>\n\t\t\t\t<div class=\"elementor-element elementor-element-461f2a1 elementor-widget elementor-widget-text-editor\" data-id=\"461f2a1\" data-element_type=\"widget\" data-widget_type=\"text-editor.default\">\n\t\t\t\t<div class=\"elementor-widget-container\">\n\t\t\t\t\t\t\t\t\t<p><span style=\"color: #415fa3;\"><a style=\"color: #415fa3;\" href=\"https:\/\/globalreadyacademy.net\/?page_id=2121&amp;lang=fr\"><span style=\"text-decoration: underline;\">Pour plus d\u2019information<\/span><\/a><\/span><\/p>\t\t\t\t\t\t\t\t<\/div>\n\t\t\t\t<\/div>\n\t\t\t\t\t<\/div>\n\t\t<\/div>\n\t\t\t\t<div class=\"elementor-column elementor-col-33 elementor-inner-column elementor-element elementor-element-d1424d9 elementor-invisible\" data-id=\"d1424d9\" data-element_type=\"column\" data-settings=\"{&quot;background_background&quot;:&quot;classic&quot;,&quot;animation&quot;:&quot;pulse&quot;,&quot;animation_delay&quot;:400}\">\n\t\t\t<div class=\"elementor-widget-wrap elementor-element-populated\">\n\t\t\t\t\t\t<div class=\"elementor-element elementor-element-ce7196b elementor-widget elementor-widget-image\" data-id=\"ce7196b\" data-element_type=\"widget\" data-widget_type=\"image.default\">\n\t\t\t\t<div class=\"elementor-widget-container\">\n\t\t\t\t\t\t\t\t\t\t\t\t\t\t\t\t<a href=\"https:\/\/globalreadyacademy.net\/?page_id=1050\">\n\t\t\t\t\t\t\t<img decoding=\"async\" width=\"527\" height=\"352\" src=\"https:\/\/test.globalready.academy\/wp-content\/uploads\/2023\/10\/Establishing-a-proactive-maintenance-program-img.jpg\" class=\"elementor-animation-bob attachment-full size-full wp-image-1352\" alt=\"\" srcset=\"https:\/\/test.globalready.academy\/wp-content\/uploads\/2023\/10\/Establishing-a-proactive-maintenance-program-img.jpg 527w, https:\/\/test.globalready.academy\/wp-content\/uploads\/2023\/10\/Establishing-a-proactive-maintenance-program-img-300x200.jpg 300w\" sizes=\"(max-width: 527px) 100vw, 527px\" \/>\t\t\t\t\t\t\t\t<\/a>\n\t\t\t\t\t\t\t\t\t\t\t\t\t\t\t<\/div>\n\t\t\t\t<\/div>\n\t\t\t\t<div class=\"elementor-element elementor-element-218ba07 elementor-widget elementor-widget-heading\" data-id=\"218ba07\" data-element_type=\"widget\" data-widget_type=\"heading.default\">\n\t\t\t\t<div class=\"elementor-widget-container\">\n\t\t\t\t\t<h3 class=\"elementor-heading-title elementor-size-default\">Mise en place d'un programme de maintenance proactif<\/h3>\t\t\t\t<\/div>\n\t\t\t\t<\/div>\n\t\t\t\t<div class=\"elementor-element elementor-element-153875f elementor-widget elementor-widget-text-editor\" data-id=\"153875f\" data-element_type=\"widget\" data-widget_type=\"text-editor.default\">\n\t\t\t\t<div class=\"elementor-widget-container\">\n\t\t\t\t\t\t\t\t\t<p>RCM, AMDE\/AMDEC et PMO sont des disciplines logiques pour le d\u00e9veloppement et l&#8217;optimisation de programmes efficaces de maintenance ordonnanc\u00e9s (pr\u00e9ventive) pour des actifs complexes, et la gestion continue de ces programmes.<\/p>\t\t\t\t\t\t\t\t<\/div>\n\t\t\t\t<\/div>\n\t\t\t\t<div class=\"elementor-element elementor-element-1608f44 elementor-widget elementor-widget-text-editor\" data-id=\"1608f44\" data-element_type=\"widget\" data-widget_type=\"text-editor.default\">\n\t\t\t\t<div class=\"elementor-widget-container\">\n\t\t\t\t\t\t\t\t\t<p><span style=\"color: #415fa3;\"><a style=\"color: #415fa3;\" href=\"https:\/\/globalreadyacademy.net\/?page_id=2147&amp;lang=fr\"><span style=\"text-decoration: underline;\">Pour plus d\u2019information<\/span><\/a><\/span><\/p>\t\t\t\t\t\t\t\t<\/div>\n\t\t\t\t<\/div>\n\t\t\t\t\t<\/div>\n\t\t<\/div>\n\t\t\t\t\t<\/div>\n\t\t<\/section>\n\t\t\t\t<section data-particle_enable=\"false\" data-particle-mobile-disabled=\"false\" class=\"elementor-section elementor-inner-section elementor-element elementor-element-589b1ab elementor-section-boxed elementor-section-height-default elementor-section-height-default eltdf-parallax-row-no eltdf-content-aligment-left eltdf-elementor-row-grid-no eltdf-disabled-bg-image-bellow-no\" data-id=\"589b1ab\" data-element_type=\"section\">\n\t\t\t\t\t\t<div class=\"elementor-container elementor-column-gap-default\">\n\t\t\t\t\t<div class=\"elementor-column elementor-col-33 elementor-inner-column elementor-element elementor-element-0adb608 elementor-invisible\" data-id=\"0adb608\" data-element_type=\"column\" data-settings=\"{&quot;background_background&quot;:&quot;classic&quot;,&quot;animation&quot;:&quot;pulse&quot;}\">\n\t\t\t<div class=\"elementor-widget-wrap elementor-element-populated\">\n\t\t\t\t\t\t<div class=\"elementor-element elementor-element-a0c94be elementor-widget elementor-widget-image\" data-id=\"a0c94be\" data-element_type=\"widget\" data-widget_type=\"image.default\">\n\t\t\t\t<div class=\"elementor-widget-container\">\n\t\t\t\t\t\t\t\t\t\t\t\t\t\t\t\t<a href=\"https:\/\/globalreadyacademy.net\/?page_id=1012\">\n\t\t\t\t\t\t\t<img loading=\"lazy\" decoding=\"async\" width=\"608\" height=\"405\" src=\"https:\/\/test.globalready.academy\/wp-content\/uploads\/2023\/11\/stock-photo-two-workers-wearing-safety-vest-helmet-using-digital-tablet-discussion.jpg\" class=\"elementor-animation-bob attachment-full size-full wp-image-1586\" alt=\"\" srcset=\"https:\/\/test.globalready.academy\/wp-content\/uploads\/2023\/11\/stock-photo-two-workers-wearing-safety-vest-helmet-using-digital-tablet-discussion.jpg 608w, https:\/\/test.globalready.academy\/wp-content\/uploads\/2023\/11\/stock-photo-two-workers-wearing-safety-vest-helmet-using-digital-tablet-discussion-300x200.jpg 300w, https:\/\/test.globalready.academy\/wp-content\/uploads\/2023\/11\/stock-photo-two-workers-wearing-safety-vest-helmet-using-digital-tablet-discussion-600x400.jpg 600w\" sizes=\"(max-width: 608px) 100vw, 608px\" \/>\t\t\t\t\t\t\t\t<\/a>\n\t\t\t\t\t\t\t\t\t\t\t\t\t\t\t<\/div>\n\t\t\t\t<\/div>\n\t\t\t\t<div class=\"elementor-element elementor-element-4d5a35c elementor-widget elementor-widget-heading\" data-id=\"4d5a35c\" data-element_type=\"widget\" data-widget_type=\"heading.default\">\n\t\t\t\t<div class=\"elementor-widget-container\">\n\t\t\t\t\t<h3 class=\"elementor-heading-title elementor-size-default\">Ing\u00e9nierie organisationnelle<\/h3>\t\t\t\t<\/div>\n\t\t\t\t<\/div>\n\t\t\t\t<div class=\"elementor-element elementor-element-5ef2a16 elementor-widget elementor-widget-text-editor\" data-id=\"5ef2a16\" data-element_type=\"widget\" data-widget_type=\"text-editor.default\">\n\t\t\t\t<div class=\"elementor-widget-container\">\n\t\t\t\t\t\t\t\t\t<p>L&#8217;ing\u00e9nierie organisationnelle aide les organisations \u00e0 atteindre des performances d&#8217;\u00e9quipe constamment \u00e9lev\u00e9es.<\/p>\t\t\t\t\t\t\t\t<\/div>\n\t\t\t\t<\/div>\n\t\t\t\t<div class=\"elementor-element elementor-element-cee9b1b elementor-widget elementor-widget-text-editor\" data-id=\"cee9b1b\" data-element_type=\"widget\" data-widget_type=\"text-editor.default\">\n\t\t\t\t<div class=\"elementor-widget-container\">\n\t\t\t\t\t\t\t\t\t<p><span style=\"color: #415fa3;\"><a style=\"color: #415fa3;\" href=\"https:\/\/globalreadyacademy.net\/?page_id=2217&amp;lang=fr\"><span style=\"text-decoration: underline;\">Pour plus d\u2019information<\/span><\/a><\/span><\/p>\t\t\t\t\t\t\t\t<\/div>\n\t\t\t\t<\/div>\n\t\t\t\t\t<\/div>\n\t\t<\/div>\n\t\t\t\t<div class=\"elementor-column elementor-col-33 elementor-inner-column elementor-element elementor-element-1322530 elementor-invisible\" data-id=\"1322530\" data-element_type=\"column\" data-settings=\"{&quot;background_background&quot;:&quot;classic&quot;,&quot;animation&quot;:&quot;pulse&quot;,&quot;animation_delay&quot;:200}\">\n\t\t\t<div class=\"elementor-widget-wrap elementor-element-populated\">\n\t\t\t\t\t\t<div class=\"elementor-element elementor-element-e60e367 elementor-widget elementor-widget-image\" data-id=\"e60e367\" data-element_type=\"widget\" data-widget_type=\"image.default\">\n\t\t\t\t<div class=\"elementor-widget-container\">\n\t\t\t\t\t\t\t\t\t\t\t\t\t\t\t\t<a href=\"https:\/\/globalreadyacademy.net\/?page_id=984\">\n\t\t\t\t\t\t\t<img loading=\"lazy\" decoding=\"async\" width=\"1280\" height=\"854\" src=\"https:\/\/test.globalready.academy\/wp-content\/uploads\/2023\/11\/engineer-4941336_1280.jpg\" class=\"elementor-animation-bob attachment-full size-full wp-image-1592\" alt=\"\" srcset=\"https:\/\/test.globalready.academy\/wp-content\/uploads\/2023\/11\/engineer-4941336_1280.jpg 1280w, https:\/\/test.globalready.academy\/wp-content\/uploads\/2023\/11\/engineer-4941336_1280-300x200.jpg 300w, https:\/\/test.globalready.academy\/wp-content\/uploads\/2023\/11\/engineer-4941336_1280-1024x683.jpg 1024w, https:\/\/test.globalready.academy\/wp-content\/uploads\/2023\/11\/engineer-4941336_1280-768x512.jpg 768w, https:\/\/test.globalready.academy\/wp-content\/uploads\/2023\/11\/engineer-4941336_1280-600x400.jpg 600w\" sizes=\"(max-width: 1280px) 100vw, 1280px\" \/>\t\t\t\t\t\t\t\t<\/a>\n\t\t\t\t\t\t\t\t\t\t\t\t\t\t\t<\/div>\n\t\t\t\t<\/div>\n\t\t\t\t<div class=\"elementor-element elementor-element-54e65f4 elementor-widget elementor-widget-heading\" data-id=\"54e65f4\" data-element_type=\"widget\" data-widget_type=\"heading.default\">\n\t\t\t\t<div class=\"elementor-widget-container\">\n\t\t\t\t\t<h3 class=\"elementor-heading-title elementor-size-default\">Plan strat\u00e9gique de gestion des actifs<\/h3>\t\t\t\t<\/div>\n\t\t\t\t<\/div>\n\t\t\t\t<div class=\"elementor-element elementor-element-904d544 elementor-widget elementor-widget-text-editor\" data-id=\"904d544\" data-element_type=\"widget\" data-widget_type=\"text-editor.default\">\n\t\t\t\t<div class=\"elementor-widget-container\">\n\t\t\t\t\t\t\t\t\t<p>Le plan commence par une \u00e9valuation du respect par le site des pratiques de classe mondiale et repose sur des objectifs pratiques et r\u00e9alisables.<\/p>\t\t\t\t\t\t\t\t<\/div>\n\t\t\t\t<\/div>\n\t\t\t\t<div class=\"elementor-element elementor-element-92bd7aa elementor-widget elementor-widget-text-editor\" data-id=\"92bd7aa\" data-element_type=\"widget\" data-widget_type=\"text-editor.default\">\n\t\t\t\t<div class=\"elementor-widget-container\">\n\t\t\t\t\t\t\t\t\t<p><span style=\"color: #415fa3;\"><a style=\"color: #415fa3;\" href=\"https:\/\/globalreadyacademy.net\/?page_id=2247&amp;lang=fr\"><span style=\"text-decoration: underline;\">Pour plus d\u2019information<\/span><\/a><\/span><\/p>\t\t\t\t\t\t\t\t<\/div>\n\t\t\t\t<\/div>\n\t\t\t\t\t<\/div>\n\t\t<\/div>\n\t\t\t\t<div class=\"elementor-column elementor-col-33 elementor-inner-column elementor-element elementor-element-2c801a5\" data-id=\"2c801a5\" data-element_type=\"column\">\n\t\t\t<div class=\"elementor-widget-wrap\">\n\t\t\t\t\t\t\t<\/div>\n\t\t<\/div>\n\t\t\t\t\t<\/div>\n\t\t<\/section>\n\t\t\t\t\t<\/div>\n\t\t<\/div>\n\t\t\t\t\t<\/div>\n\t\t<\/section>\n\t\t\t\t<\/div>\n\t\t","protected":false},"excerpt":{"rendered":"<p>Formations Flux de connaissances disponibles Gestion du contr\u00f4le des travaux en \u00e9quipe La gestion du contr\u00f4le des travaux englobe les activit\u00e9s utilis\u00e9es pour identifier, planifier, ordonnancer et ex\u00e9cuter les travaux de maintenance de mani\u00e8re efficace et contr\u00f4l\u00e9e, en toute s\u00e9curit\u00e9, [&hellip;]<\/p>\n","protected":false},"author":1,"featured_media":0,"parent":0,"menu_order":0,"comment_status":"closed","ping_status":"closed","template":"","meta":{"_eb_attr":"","footnotes":""},"class_list":["post-1206","page","type-page","status-publish","hentry"],"lang":"fr","translations":{"fr":1206,"en":964,"es":632},"pll_sync_post":[],"_links":{"self":[{"href":"https:\/\/test.globalready.academy\/index.php?rest_route=\/wp\/v2\/pages\/1206","targetHints":{"allow":["GET"]}}],"collection":[{"href":"https:\/\/test.globalready.academy\/index.php?rest_route=\/wp\/v2\/pages"}],"about":[{"href":"https:\/\/test.globalready.academy\/index.php?rest_route=\/wp\/v2\/types\/page"}],"author":[{"embeddable":true,"href":"https:\/\/test.globalready.academy\/index.php?rest_route=\/wp\/v2\/users\/1"}],"replies":[{"embeddable":true,"href":"https:\/\/test.globalready.academy\/index.php?rest_route=%2Fwp%2Fv2%2Fcomments&post=1206"}],"version-history":[{"count":26,"href":"https:\/\/test.globalready.academy\/index.php?rest_route=\/wp\/v2\/pages\/1206\/revisions"}],"predecessor-version":[{"id":5222,"href":"https:\/\/test.globalready.academy\/index.php?rest_route=\/wp\/v2\/pages\/1206\/revisions\/5222"}],"wp:attachment":[{"href":"https:\/\/test.globalready.academy\/index.php?rest_route=%2Fwp%2Fv2%2Fmedia&parent=1206"}],"curies":[{"name":"wp","href":"https:\/\/api.w.org\/{rel}","templated":true}]}}